{"id":475,"date":"2024-08-02T10:50:16","date_gmt":"2024-08-02T08:50:16","guid":{"rendered":"https:\/\/meteo-sain-bel.fr\/wp\/?page_id=475"},"modified":"2025-08-17T07:40:10","modified_gmt":"2025-08-17T05:40:10","slug":"previsions_orages","status":"publish","type":"page","link":"https:\/\/meteo-sain-bel.fr\/wp\/previsions\/previsions_orages\/","title":{"rendered":"Pr\u00e9visions Orages"},"content":{"rendered":"\n<div style=\"height:100px\" aria-hidden=\"true\" class=\"wp-block-spacer\"><\/div>\n\n\n\n<h1 class=\"wp-block-heading has-text-align-center\">Orages<\/h1>\n\n\n\n<div style=\"height:30px\" aria-hidden=\"true\" class=\"wp-block-spacer\"><\/div>\n\n\n\n<div class=\"wp-block-uagb-container uagb-block-b4834ae5 alignfull uagb-is-root-container\"><div class=\"uagb-container-inner-blocks-wrap\">\n<p class=\"has-text-align-center\" style=\"margin-right:0;margin-left:0;padding-top:var(--wp--preset--spacing--20);padding-right:var(--wp--preset--spacing--30);padding-bottom:var(--wp--preset--spacing--20);padding-left:var(--wp--preset--spacing--30)\">D\u00e9tection Weatherflow \u00e0 la station de Sain-Bel<\/p>\n\n\n\n<!DOCTYPE html>\n<html lang=\"fr\">\n<head>\n    <meta charset=\"UTF-8\">\n    <title>Donn\u00e9es m\u00e9t\u00e9o<\/title>\n    <script src=\"https:\/\/code.jquery.com\/jquery-3.2.1.min.js\" async><\/script>\n    <style>\n        .mypanel {\n            text-align: center;\n            font-family: Arial, sans-serif;\n            font-size: 16px;\n            margin-top: 50px;\n        }\n        .orage {\n            color: red;\n            font-weight: bold;\n        }\n        .pas-orage {\n            color: green;\n            font-weight: bold;\n        }\n    <\/style>\n<\/head>\n<body>\n\n    <div class=\"mypanel\">Chargement des donn\u00e9es m\u00e9t\u00e9o&#8230;<\/div>\n\n    <script>\n        window.addEventListener('load', () => {\n            $.getJSON(\n                'https:\/\/swd.weatherflow.com\/swd\/rest\/observations\/station\/2109?token=7e63d830-86fa-4782-ad32-f979cd6a85b4',\n                function(data) {\n                    if (data && data.obs && data.obs.length > 0) {\n                        const obs = data.obs[0];\n                        const strikeCount = obs.lightning_strike_count_last_3hr;\n                        const lastDistance = obs.lightning_strike_last_distance;\n\n                        const status = strikeCount > 0\n                            ? `<p class=\"orage\">\u26a0\ufe0f Orage en cours<\/p>`\n                            : `<p class=\"pas-orage\">\u2705 Pas d'orage actuellement<\/p>`;\n\n                        const text = `\n                            ${status}\n                            <p>\ud83c\udf29\ufe0f <strong>Impacts sur les 3 derni\u00e8res heures :<\/strong> ${strikeCount}<\/p>\n                            <p>\ud83d\udccd <strong>Distance du dernier impact :<\/strong> ${lastDistance} km<\/p>\n                        `;\n\n                        $(\".mypanel\").html(text);\n                    } else {\n                        $(\".mypanel\").html(\"Aucune donn\u00e9e disponible.\");\n                    }\n                }\n            ).fail(() => {\n                $(\".mypanel\").html(\"Erreur lors du chargement des donn\u00e9es m\u00e9t\u00e9o.\");\n            });\n        });\n    <\/script>\n\n<\/body>\n<\/html>\n\n\n\n<style>\n  .iframe-pluie {\n    width: 100%;\n    max-width: 420px;\n    border: none;\n    transition: height 0.3s ease;\n  }\n<\/style>\n\n<iframe src=\"https:\/\/www.meteo-sain-bel.fr\/script\/PreviPluie\/widget-pluie.php\" class=\"iframe-pluie\" title=\"Pr\u00e9visions pluie Sain-Bel\" scrolling=\"no\"><\/iframe>\n\n<script>\n  window.addEventListener('message', function(event) {\n    if (event.data.iframeHeight) {\n      const iframe = document.querySelector('iframe.iframe-pluie');\n      if (iframe) {\n        iframe.style.height = event.data.iframeHeight + 'px';\n      }\n    }\n  });\n<\/script>\n\n\n\n<p class=\"has-text-align-center\">Pr\u00e9visions des Orages <a href=\"http:\/\/www.keraunos.org\">Keraunos<\/a> l&#8217;Observatoire Fran\u00e7ais des Tornades et &nbsp;Orages Violents<\/p>\n\n\n\n<div class=\"wp-block-buttons is-content-justification-center is-layout-flex wp-container-core-buttons-is-layout-a89b3969 wp-block-buttons-is-layout-flex\">\n<div class=\"wp-block-button\"><a class=\"wp-block-button__link has-text-align-center wp-element-button\" href=\"https:\/\/www.keraunos.org\/previsions\/risque-orage-commune-sain-bel-69\/69171\" target=\"_blank\" rel=\"noreferrer noopener\">Pr\u00e9visions des orages Keraunos &#8211; l&#8217;Observatoire Fran\u00e7ais des Tornades et Orages Violents<\/a><\/div>\n<\/div>\n\n\n\n<iframe width=100% height=\"1100\" src=\"https:\/\/www.meteo-sain-bel.fr\/script\/scrape\/risqueorage25.php\" frameborder=\"0\"><\/iframe>\n\n\n\n<p class=\"has-text-align-center\">Impacts de foudre en direct<\/p>\n\n\n\n<iframe width=100% height=\"650\" src=\"https:\/\/embed.windy.com\/embed2.html?lat=45.819&#038;lon=4.474&#038;zoom=10&#038;level=surface&#038;overlay=radar&#038;menu=&#038;message=&#038;marker=&#038;calendar=&#038;pressure=true&#038;type=map&#038;location=coordinates&#038;detail=&#038;detailLat=45.882&#038;detailLon=1.390&#038;metricWind=default&#038;metricTemp=default&#038;radarRange=-1\" frameborder=\"0\"><\/iframe>\n<\/div><\/div>\n\n\n\n<div style=\"height:30px\" aria-hidden=\"true\" class=\"wp-block-spacer\"><\/div>\n\n\n\n<!-- Google Tag Manager (noscript) -->\n<noscript><iframe src=\"https:\/\/www.googletagmanager.com\/ns.html?id=GTM-MSLWPBT\"\nheight=\"0\" width=\"0\" style=\"display:none;visibility:hidden\"><\/iframe><\/noscript>\n<!-- End Google Tag Manager (noscript) -->\n<!--Debut Metadata res Sociaux-->\n<script type=\"application\/ld+json\">\n  {\n    \"@context\": \"http:\/\/schema.org\",\n    \"@type\": \"Organization\",\n    \"name\": \"Meteo Sain-Bel\",\n    \"url\": \"https:\/\/www.meteo-sain-bel.fr\/\",\n    \"address\": \"Sain-Bel, France\",\n    \"sameAs\": [\n      \"https:\/\/www.facebook.com\/meteosainbel\",\n      \"https:\/\/twitter.com\/pichej\"\n    ]\n  }\n<\/script>\n<!--Fin Metadata res Sociaux-->\n<!-- Debut cookies-->\n<script src=\"https:\/\/cmp.osano.com\/6oq8ETirzUgsI45\/43a9a6c6-4b27-4ec1-b8c7-7beb8a37dc38\/osano.js\"><\/script>\n<!-- Fin cookies-->\n","protected":false},"excerpt":{"rendered":"<p>Orages D\u00e9tection Weatherflow \u00e0 la station de Sain-Bel Donn\u00e9es m\u00e9t\u00e9o Chargement des donn\u00e9es m\u00e9t\u00e9o&#8230; Pr\u00e9visions des Orages Keraunos l&#8217;Observatoire Fran\u00e7ais des Tornades et &nbsp;Orages Violents [&hellip;]<\/p>\n","protected":false},"author":1,"featured_media":0,"parent":300,"menu_order":6,"comment_status":"closed","ping_status":"closed","template":"","meta":{"content-type":"","_uag_custom_page_level_css":"","site-sidebar-layout":"default","site-content-layout":"","ast-site-content-layout":"default","site-content-style":"default","site-sidebar-style":"default","ast-global-header-display":"","ast-banner-title-visibility":"","ast-main-header-display":"","ast-hfb-above-header-display":"","ast-hfb-below-header-display":"","ast-hfb-mobile-header-display":"","site-post-title":"","ast-breadcrumbs-content":"","ast-featured-img":"","footer-sml-layout":"","ast-disable-related-posts":"","theme-transparent-header-meta":"","adv-header-id-meta":"","stick-header-meta":"","header-above-stick-meta":"","header-main-stick-meta":"","header-below-stick-meta":"","astra-migrate-meta-layouts":"default","ast-page-background-enabled":"default","ast-page-background-meta":{"desktop":{"background-color":"var(--ast-global-color-4)","background-image":"","background-repeat":"repeat","background-position":"center center","background-size":"auto","background-attachment":"scroll","background-type":"","background-media":"","overlay-type":"","overlay-color":"","overlay-opacity":"","overlay-gradient":""},"tablet":{"background-color":"","background-image":"","background-repeat":"repeat","background-position":"center center","background-size":"auto","background-attachment":"scroll","background-type":"","background-media":"","overlay-type":"","overlay-color":"","overlay-opacity":"","overlay-gradient":""},"mobile":{"background-color":"","background-image":"","background-repeat":"repeat","background-position":"center center","background-size":"auto","background-attachment":"scroll","background-type":"","background-media":"","overlay-type":"","overlay-color":"","overlay-opacity":"","overlay-gradient":""}},"ast-content-background-meta":{"desktop":{"background-color":"var(--ast-global-color-5)","background-image":"","background-repeat":"repeat","background-position":"center center","background-size":"auto","background-attachment":"scroll","background-type":"","background-media":"","overlay-type":"","overlay-color":"","overlay-opacity":"","overlay-gradient":""},"tablet":{"background-color":"var(--ast-global-color-5)","background-image":"","background-repeat":"repeat","background-position":"center center","background-size":"auto","background-attachment":"scroll","background-type":"","background-media":"","overlay-type":"","overlay-color":"","overlay-opacity":"","overlay-gradient":""},"mobile":{"background-color":"var(--ast-global-color-5)","background-image":"","background-repeat":"repeat","background-position":"center center","background-size":"auto","background-attachment":"scroll","background-type":"","background-media":"","overlay-type":"","overlay-color":"","overlay-opacity":"","overlay-gradient":""}},"footnotes":""},"class_list":["post-475","page","type-page","status-publish","hentry"],"yoast_head":"<!-- This site is optimized with the Yoast SEO plugin v27.3 - https:\/\/yoast.com\/product\/yoast-seo-wordpress\/ -->\n<title>Pr\u00e9visions Orages - Meteo Sain-Bel<\/title>\n<meta name=\"description\" content=\"Pr\u00e9visions m\u00e9t\u00e9o pour Sain-Bel orages. Donn\u00e9es en temps r\u00e9el \u00e0 la station de Sain-Bel, climatologie et webcam.\" \/>\n<meta name=\"robots\" content=\"index, follow, max-snippet:-1, max-image-preview:large, max-video-preview:-1\" \/>\n<link rel=\"canonical\" href=\"https:\/\/meteo-sain-bel.fr\/wp\/previsions\/previsions_orages\/\" \/>\n<meta property=\"og:locale\" content=\"fr_FR\" \/>\n<meta property=\"og:type\" content=\"article\" \/>\n<meta property=\"og:title\" content=\"Pr\u00e9visions Orages - Meteo Sain-Bel\" \/>\n<meta property=\"og:description\" content=\"Pr\u00e9visions m\u00e9t\u00e9o pour Sain-Bel orages. Donn\u00e9es en temps r\u00e9el \u00e0 la station de Sain-Bel, climatologie et webcam.\" \/>\n<meta property=\"og:url\" content=\"https:\/\/meteo-sain-bel.fr\/wp\/previsions\/previsions_orages\/\" \/>\n<meta property=\"og:site_name\" content=\"Meteo Sain-Bel\" \/>\n<meta property=\"article:publisher\" content=\"https:\/\/www.facebook.com\/meteosainbel\" \/>\n<meta property=\"article:modified_time\" content=\"2025-08-17T05:40:10+00:00\" \/>\n<meta property=\"og:image\" content=\"https:\/\/meteo-sain-bel.fr\/wp\/wp-content\/uploads\/2024\/07\/cropped-Capture-decran-2024-07-13-065002.png\" \/>\n\t<meta property=\"og:image:width\" content=\"512\" \/>\n\t<meta property=\"og:image:height\" content=\"512\" \/>\n\t<meta property=\"og:image:type\" content=\"image\/png\" \/>\n<meta name=\"twitter:card\" content=\"summary_large_image\" \/>\n<meta name=\"twitter:site\" content=\"@pichej\" \/>\n<script type=\"application\/ld+json\" class=\"yoast-schema-graph\">{\"@context\":\"https:\\\/\\\/schema.org\",\"@graph\":[{\"@type\":\"WebPage\",\"@id\":\"https:\\\/\\\/meteo-sain-bel.fr\\\/wp\\\/previsions\\\/previsions_orages\\\/\",\"url\":\"https:\\\/\\\/meteo-sain-bel.fr\\\/wp\\\/previsions\\\/previsions_orages\\\/\",\"name\":\"Pr\u00e9visions Orages - Meteo Sain-Bel\",\"isPartOf\":{\"@id\":\"https:\\\/\\\/meteo-sain-bel.fr\\\/wp\\\/#website\"},\"datePublished\":\"2024-08-02T08:50:16+00:00\",\"dateModified\":\"2025-08-17T05:40:10+00:00\",\"description\":\"Pr\u00e9visions m\u00e9t\u00e9o pour Sain-Bel orages. Donn\u00e9es en temps r\u00e9el \u00e0 la station de Sain-Bel, climatologie et webcam.\",\"breadcrumb\":{\"@id\":\"https:\\\/\\\/meteo-sain-bel.fr\\\/wp\\\/previsions\\\/previsions_orages\\\/#breadcrumb\"},\"inLanguage\":\"fr-FR\",\"potentialAction\":[{\"@type\":\"ReadAction\",\"target\":[\"https:\\\/\\\/meteo-sain-bel.fr\\\/wp\\\/previsions\\\/previsions_orages\\\/\"]}]},{\"@type\":\"BreadcrumbList\",\"@id\":\"https:\\\/\\\/meteo-sain-bel.fr\\\/wp\\\/previsions\\\/previsions_orages\\\/#breadcrumb\",\"itemListElement\":[{\"@type\":\"ListItem\",\"position\":1,\"name\":\"Accueil\",\"item\":\"https:\\\/\\\/meteo-sain-bel.fr\\\/wp\\\/\"},{\"@type\":\"ListItem\",\"position\":2,\"name\":\"Pr\u00e9visions\",\"item\":\"https:\\\/\\\/meteo-sain-bel.fr\\\/wp\\\/previsions\\\/\"},{\"@type\":\"ListItem\",\"position\":3,\"name\":\"Pr\u00e9visions Orages\"}]},{\"@type\":\"WebSite\",\"@id\":\"https:\\\/\\\/meteo-sain-bel.fr\\\/wp\\\/#website\",\"url\":\"https:\\\/\\\/meteo-sain-bel.fr\\\/wp\\\/\",\"name\":\"Meteo Sain-Bel\",\"description\":\"Station m\u00e9t\u00e9orologique, donn\u00e9es en temps r\u00e9el 24h\\\/24 et Webcam \u00e0 Sain-Bel (69210) Pays de l\u2019Arbresle, 69 Rh\u00f4ne, France\",\"publisher\":{\"@id\":\"https:\\\/\\\/meteo-sain-bel.fr\\\/wp\\\/#organization\"},\"alternateName\":\"Site m\u00e9t\u00e9o de Sain-Bel, Rh\u00f4ne\",\"potentialAction\":[{\"@type\":\"SearchAction\",\"target\":{\"@type\":\"EntryPoint\",\"urlTemplate\":\"https:\\\/\\\/meteo-sain-bel.fr\\\/wp\\\/?s={search_term_string}\"},\"query-input\":{\"@type\":\"PropertyValueSpecification\",\"valueRequired\":true,\"valueName\":\"search_term_string\"}}],\"inLanguage\":\"fr-FR\"},{\"@type\":\"Organization\",\"@id\":\"https:\\\/\\\/meteo-sain-bel.fr\\\/wp\\\/#organization\",\"name\":\"Meteo Sain-Bel\",\"url\":\"https:\\\/\\\/meteo-sain-bel.fr\\\/wp\\\/\",\"logo\":{\"@type\":\"ImageObject\",\"inLanguage\":\"fr-FR\",\"@id\":\"https:\\\/\\\/meteo-sain-bel.fr\\\/wp\\\/#\\\/schema\\\/logo\\\/image\\\/\",\"url\":\"https:\\\/\\\/meteo-sain-bel.fr\\\/wp\\\/wp-content\\\/uploads\\\/2024\\\/07\\\/cropped-cropped-Capture-decran-2024-07-13-065002.png\",\"contentUrl\":\"https:\\\/\\\/meteo-sain-bel.fr\\\/wp\\\/wp-content\\\/uploads\\\/2024\\\/07\\\/cropped-cropped-Capture-decran-2024-07-13-065002.png\",\"width\":336,\"height\":283,\"caption\":\"Meteo Sain-Bel\"},\"image\":{\"@id\":\"https:\\\/\\\/meteo-sain-bel.fr\\\/wp\\\/#\\\/schema\\\/logo\\\/image\\\/\"},\"sameAs\":[\"https:\\\/\\\/www.facebook.com\\\/meteosainbel\",\"https:\\\/\\\/x.com\\\/pichej\",\"https:\\\/\\\/www.instagram.com\\\/pichej\"]}]}<\/script>\n<!-- \/ Yoast SEO plugin. -->","yoast_head_json":{"title":"Pr\u00e9visions Orages - Meteo Sain-Bel","description":"Pr\u00e9visions m\u00e9t\u00e9o pour Sain-Bel orages. Donn\u00e9es en temps r\u00e9el \u00e0 la station de Sain-Bel, climatologie et webcam.","robots":{"index":"index","follow":"follow","max-snippet":"max-snippet:-1","max-image-preview":"max-image-preview:large","max-video-preview":"max-video-preview:-1"},"canonical":"https:\/\/meteo-sain-bel.fr\/wp\/previsions\/previsions_orages\/","og_locale":"fr_FR","og_type":"article","og_title":"Pr\u00e9visions Orages - Meteo Sain-Bel","og_description":"Pr\u00e9visions m\u00e9t\u00e9o pour Sain-Bel orages. Donn\u00e9es en temps r\u00e9el \u00e0 la station de Sain-Bel, climatologie et webcam.","og_url":"https:\/\/meteo-sain-bel.fr\/wp\/previsions\/previsions_orages\/","og_site_name":"Meteo Sain-Bel","article_publisher":"https:\/\/www.facebook.com\/meteosainbel","article_modified_time":"2025-08-17T05:40:10+00:00","og_image":[{"width":512,"height":512,"url":"https:\/\/meteo-sain-bel.fr\/wp\/wp-content\/uploads\/2024\/07\/cropped-Capture-decran-2024-07-13-065002.png","type":"image\/png"}],"twitter_card":"summary_large_image","twitter_site":"@pichej","schema":{"@context":"https:\/\/schema.org","@graph":[{"@type":"WebPage","@id":"https:\/\/meteo-sain-bel.fr\/wp\/previsions\/previsions_orages\/","url":"https:\/\/meteo-sain-bel.fr\/wp\/previsions\/previsions_orages\/","name":"Pr\u00e9visions Orages - Meteo Sain-Bel","isPartOf":{"@id":"https:\/\/meteo-sain-bel.fr\/wp\/#website"},"datePublished":"2024-08-02T08:50:16+00:00","dateModified":"2025-08-17T05:40:10+00:00","description":"Pr\u00e9visions m\u00e9t\u00e9o pour Sain-Bel orages. Donn\u00e9es en temps r\u00e9el \u00e0 la station de Sain-Bel, climatologie et webcam.","breadcrumb":{"@id":"https:\/\/meteo-sain-bel.fr\/wp\/previsions\/previsions_orages\/#breadcrumb"},"inLanguage":"fr-FR","potentialAction":[{"@type":"ReadAction","target":["https:\/\/meteo-sain-bel.fr\/wp\/previsions\/previsions_orages\/"]}]},{"@type":"BreadcrumbList","@id":"https:\/\/meteo-sain-bel.fr\/wp\/previsions\/previsions_orages\/#breadcrumb","itemListElement":[{"@type":"ListItem","position":1,"name":"Accueil","item":"https:\/\/meteo-sain-bel.fr\/wp\/"},{"@type":"ListItem","position":2,"name":"Pr\u00e9visions","item":"https:\/\/meteo-sain-bel.fr\/wp\/previsions\/"},{"@type":"ListItem","position":3,"name":"Pr\u00e9visions Orages"}]},{"@type":"WebSite","@id":"https:\/\/meteo-sain-bel.fr\/wp\/#website","url":"https:\/\/meteo-sain-bel.fr\/wp\/","name":"Meteo Sain-Bel","description":"Station m\u00e9t\u00e9orologique, donn\u00e9es en temps r\u00e9el 24h\/24 et Webcam \u00e0 Sain-Bel (69210) Pays de l\u2019Arbresle, 69 Rh\u00f4ne, France","publisher":{"@id":"https:\/\/meteo-sain-bel.fr\/wp\/#organization"},"alternateName":"Site m\u00e9t\u00e9o de Sain-Bel, Rh\u00f4ne","potentialAction":[{"@type":"SearchAction","target":{"@type":"EntryPoint","urlTemplate":"https:\/\/meteo-sain-bel.fr\/wp\/?s={search_term_string}"},"query-input":{"@type":"PropertyValueSpecification","valueRequired":true,"valueName":"search_term_string"}}],"inLanguage":"fr-FR"},{"@type":"Organization","@id":"https:\/\/meteo-sain-bel.fr\/wp\/#organization","name":"Meteo Sain-Bel","url":"https:\/\/meteo-sain-bel.fr\/wp\/","logo":{"@type":"ImageObject","inLanguage":"fr-FR","@id":"https:\/\/meteo-sain-bel.fr\/wp\/#\/schema\/logo\/image\/","url":"https:\/\/meteo-sain-bel.fr\/wp\/wp-content\/uploads\/2024\/07\/cropped-cropped-Capture-decran-2024-07-13-065002.png","contentUrl":"https:\/\/meteo-sain-bel.fr\/wp\/wp-content\/uploads\/2024\/07\/cropped-cropped-Capture-decran-2024-07-13-065002.png","width":336,"height":283,"caption":"Meteo Sain-Bel"},"image":{"@id":"https:\/\/meteo-sain-bel.fr\/wp\/#\/schema\/logo\/image\/"},"sameAs":["https:\/\/www.facebook.com\/meteosainbel","https:\/\/x.com\/pichej","https:\/\/www.instagram.com\/pichej"]}]}},"uagb_featured_image_src":{"full":false,"thumbnail":false,"medium":false,"medium_large":false,"large":false,"1536x1536":false,"2048x2048":false},"uagb_author_info":{"display_name":"Webmaster Meteo Sain-Bel","author_link":"https:\/\/meteo-sain-bel.fr\/wp\/blog\/author\/admin\/"},"uagb_comment_info":0,"uagb_excerpt":"Orages D\u00e9tection Weatherflow \u00e0 la station de Sain-Bel Donn\u00e9es m\u00e9t\u00e9o Chargement des donn\u00e9es m\u00e9t\u00e9o&#8230; Pr\u00e9visions des Orages Keraunos l&#8217;Observatoire Fran\u00e7ais des Tornades et &nbsp;Orages Violents [&hellip;]","_links":{"self":[{"href":"https:\/\/meteo-sain-bel.fr\/wp\/wp-json\/wp\/v2\/pages\/475","targetHints":{"allow":["GET"]}}],"collection":[{"href":"https:\/\/meteo-sain-bel.fr\/wp\/wp-json\/wp\/v2\/pages"}],"about":[{"href":"https:\/\/meteo-sain-bel.fr\/wp\/wp-json\/wp\/v2\/types\/page"}],"author":[{"embeddable":true,"href":"https:\/\/meteo-sain-bel.fr\/wp\/wp-json\/wp\/v2\/users\/1"}],"replies":[{"embeddable":true,"href":"https:\/\/meteo-sain-bel.fr\/wp\/wp-json\/wp\/v2\/comments?post=475"}],"version-history":[{"count":12,"href":"https:\/\/meteo-sain-bel.fr\/wp\/wp-json\/wp\/v2\/pages\/475\/revisions"}],"predecessor-version":[{"id":4793,"href":"https:\/\/meteo-sain-bel.fr\/wp\/wp-json\/wp\/v2\/pages\/475\/revisions\/4793"}],"up":[{"embeddable":true,"href":"https:\/\/meteo-sain-bel.fr\/wp\/wp-json\/wp\/v2\/pages\/300"}],"wp:attachment":[{"href":"https:\/\/meteo-sain-bel.fr\/wp\/wp-json\/wp\/v2\/media?parent=475"}],"curies":[{"name":"wp","href":"https:\/\/api.w.org\/{rel}","templated":true}]}}